{"id":158,"date":"2018-12-06T12:49:02","date_gmt":"2018-12-06T12:49:02","guid":{"rendered":"http:\/\/ienglish.com.co\/index.php\/about\/"},"modified":"2021-06-09T14:30:19","modified_gmt":"2021-06-09T19:30:19","slug":"about","status":"publish","type":"page","link":"https:\/\/ienglish.com.co\/index.php\/about\/","title":{"rendered":"Inscribirse"},"content":{"rendered":"\t\t<div data-elementor-type=\"wp-post\" data-elementor-id=\"158\" class=\"elementor elementor-158\" data-elementor-settings=\"[]\">\n\t\t\t\t\t\t<div class=\"elementor-inner\">\n\t\t\t\t\t\t\t<div class=\"elementor-section-wrap\">\n\t\t\t\t\t\t\t<section class=\"elementor-section elementor-top-section elementor-element elementor-element-f3124a7 elementor-section-boxed elementor-section-height-default elementor-section-height-default\" data-id=\"f3124a7\" data-element_type=\"section\">\n\t\t\t\t\t\t<div class=\"elementor-container elementor-column-gap-default\">\n\t\t\t\t\t\t\t<div class=\"elementor-row\">\n\t\t\t\t\t<div class=\"elementor-column elementor-col-100 elementor-top-column elementor-element elementor-element-5fc762d\" data-id=\"5fc762d\" data-element_type=\"column\">\n\t\t\t<div class=\"elementor-column-wrap elementor-element-populated\">\n\t\t\t\t\t\t\t<div class=\"elementor-widget-wrap\">\n\t\t\t\t\t\t<div class=\"elementor-element elementor-element-9c61526 elementor-widget elementor-widget-shortcode\" data-id=\"9c61526\" data-element_type=\"widget\" data-widget_type=\"shortcode.default\">\n\t\t\t\t<div class=\"elementor-widget-container\">\n\t\t\t\t\t<div class=\"elementor-shortcode\">\n<\/div>\n\t\t\t\t<\/div>\n\t\t\t\t<\/div>\n\t\t\t\t\t\t<\/div>\n\t\t\t\t\t<\/div>\n\t\t<\/div>\n\t\t\t\t\t\t\t\t<\/div>\n\t\t\t\t\t<\/div>\n\t\t<\/section>\n\t\t\t\t<section class=\"elementor-section elementor-top-section elementor-element elementor-element-c30e7ad elementor-section-boxed elementor-section-height-default elementor-section-height-default\" data-id=\"c30e7ad\" data-element_type=\"section\">\n\t\t\t\t\t\t<div class=\"elementor-container elementor-column-gap-default\">\n\t\t\t\t\t\t\t<div class=\"elementor-row\">\n\t\t\t\t\t<div class=\"elementor-column elementor-col-100 elementor-top-column elementor-element elementor-element-fd0f19b\" data-id=\"fd0f19b\" data-element_type=\"column\">\n\t\t\t<div class=\"elementor-column-wrap elementor-element-populated\">\n\t\t\t\t\t\t\t<div class=\"elementor-widget-wrap\">\n\t\t\t\t\t\t<div class=\"elementor-element elementor-element-c3ba97f elementor-widget elementor-widget-heading\" data-id=\"c3ba97f\" data-element_type=\"widget\" data-widget_type=\"heading.default\">\n\t\t\t\t<div class=\"elementor-widget-container\">\n\t\t\t<h2 class=\"elementor-heading-title elementor-size-default\"><b>\u00a1Est\u00e1s a un paso de adoptar el Ingl\u00e9s como segunda lengua!<\/b><\/h2>\t\t<\/div>\n\t\t\t\t<\/div>\n\t\t\t\t<div class=\"elementor-element elementor-element-8703c04 elementor-widget elementor-widget-text-editor\" data-id=\"8703c04\" data-element_type=\"widget\" data-widget_type=\"text-editor.default\">\n\t\t\t\t<div class=\"elementor-widget-container\">\n\t\t\t\t\t<div class=\"elementor-text-editor elementor-clearfix\"><h4><span>Pero antes es importante que conozcas nuestro acuerdo de estudiantes&#8230;<\/span><\/h4><\/div>\n\t\t\t\t<\/div>\n\t\t\t\t<\/div>\n\t\t\t\t\t\t<\/div>\n\t\t\t\t\t<\/div>\n\t\t<\/div>\n\t\t\t\t\t\t\t\t<\/div>\n\t\t\t\t\t<\/div>\n\t\t<\/section>\n\t\t\t\t<section class=\"elementor-section elementor-top-section elementor-element elementor-element-c763a52 elementor-section-content-middle elementor-section-boxed elementor-section-height-default elementor-section-height-default\" data-id=\"c763a52\" data-element_type=\"section\" data-settings=\"{&quot;background_background&quot;:&quot;classic&quot;,&quot;shape_divider_bottom&quot;:&quot;waves&quot;}\">\n\t\t\t\t\t<div class=\"elementor-shape elementor-shape-bottom\" data-negative=\"false\">\n\t\t\t<svg xmlns=\"http:\/\/www.w3.org\/2000\/svg\" viewBox=\"0 0 1000 100\" preserveAspectRatio=\"none\">\n\t<path class=\"elementor-shape-fill\" d=\"M421.9,6.5c22.6-2.5,51.5,0.4,75.5,5.3c23.6,4.9,70.9,23.5,100.5,35.7c75.8,32.2,133.7,44.5,192.6,49.7\n\tc23.6,2.1,48.7,3.5,103.4-2.5c54.7-6,106.2-25.6,106.2-25.6V0H0v30.3c0,0,72,32.6,158.4,30.5c39.2-0.7,92.8-6.7,134-22.4\n\tc21.2-8.1,52.2-18.2,79.7-24.2C399.3,7.9,411.6,7.5,421.9,6.5z\"\/>\n<\/svg>\t\t<\/div>\n\t\t\t\t\t<div class=\"elementor-container elementor-column-gap-default\">\n\t\t\t\t\t\t\t<div class=\"elementor-row\">\n\t\t\t\t\t<div class=\"elementor-column elementor-col-50 elementor-top-column elementor-element elementor-element-5afb075\" data-id=\"5afb075\" data-element_type=\"column\">\n\t\t\t<div class=\"elementor-column-wrap elementor-element-populated\">\n\t\t\t\t\t\t\t<div class=\"elementor-widget-wrap\">\n\t\t\t\t\t\t<div class=\"elementor-element elementor-element-67a56a5 elementor-position-left elementor-vertical-align-top elementor-widget elementor-widget-image-box\" data-id=\"67a56a5\" data-element_type=\"widget\" data-widget_type=\"image-box.default\">\n\t\t\t\t<div class=\"elementor-widget-container\">\n\t\t\t<div class=\"elementor-image-box-wrapper\"><div class=\"elementor-image-box-content\"><h2 class=\"elementor-image-box-title\">Acuerdo de estudiantes<\/h2><p class=\"elementor-image-box-description\">Bienvenido a International English, a continuaci\u00f3n encontrar\u00e1s nuestro acuerdo de estudiantes para las clases personalizadas:<\/p><\/div><\/div>\t\t<\/div>\n\t\t\t\t<\/div>\n\t\t\t\t\t\t<\/div>\n\t\t\t\t\t<\/div>\n\t\t<\/div>\n\t\t\t\t<div class=\"elementor-column elementor-col-50 elementor-top-column elementor-element elementor-element-07cf430 elementor-hidden-tablet elementor-hidden-phone\" data-id=\"07cf430\" data-element_type=\"column\">\n\t\t\t<div class=\"elementor-column-wrap elementor-element-populated\">\n\t\t\t\t\t\t\t<div class=\"elementor-widget-wrap\">\n\t\t\t\t\t\t<div class=\"elementor-element elementor-element-08413db elementor-widget elementor-widget-image\" data-id=\"08413db\" data-element_type=\"widget\" data-widget_type=\"image.default\">\n\t\t\t\t<div class=\"elementor-widget-container\">\n\t\t\t\t\t<div class=\"elementor-image\">\n\t\t\t\t\t\t\t\t\t\t<img width=\"1024\" height=\"401\" src=\"https:\/\/ienglish.com.co\/wp-content\/uploads\/2020\/11\/nd_acuerdo_estudiantes-1024x401.jpg\" class=\"attachment-large size-large\" alt=\"\" loading=\"lazy\" srcset=\"https:\/\/ienglish.com.co\/wp-content\/uploads\/2020\/11\/nd_acuerdo_estudiantes-1024x401.jpg 1024w, https:\/\/ienglish.com.co\/wp-content\/uploads\/2020\/11\/nd_acuerdo_estudiantes-600x235.jpg 600w, https:\/\/ienglish.com.co\/wp-content\/uploads\/2020\/11\/nd_acuerdo_estudiantes-300x118.jpg 300w, https:\/\/ienglish.com.co\/wp-content\/uploads\/2020\/11\/nd_acuerdo_estudiantes-768x301.jpg 768w, https:\/\/ienglish.com.co\/wp-content\/uploads\/2020\/11\/nd_acuerdo_estudiantes.jpg 1348w\" sizes=\"(max-width: 1024px) 100vw, 1024px\" \/>\t\t\t\t\t\t\t\t\t\t\t<\/div>\n\t\t\t\t<\/div>\n\t\t\t\t<\/div>\n\t\t\t\t\t\t<\/div>\n\t\t\t\t\t<\/div>\n\t\t<\/div>\n\t\t\t\t\t\t\t\t<\/div>\n\t\t\t\t\t<\/div>\n\t\t<\/section>\n\t\t\t\t<section class=\"elementor-section elementor-top-section elementor-element elementor-element-325947a elementor-section-boxed elementor-section-height-default elementor-section-height-default\" data-id=\"325947a\" data-element_type=\"section\">\n\t\t\t\t\t\t<div class=\"elementor-container elementor-column-gap-default\">\n\t\t\t\t\t\t\t<div class=\"elementor-row\">\n\t\t\t\t\t<div class=\"elementor-column elementor-col-100 elementor-top-column elementor-element elementor-element-b1db69d\" data-id=\"b1db69d\" data-element_type=\"column\">\n\t\t\t<div class=\"elementor-column-wrap elementor-element-populated\">\n\t\t\t\t\t\t\t<div class=\"elementor-widget-wrap\">\n\t\t\t\t\t\t<div class=\"elementor-element elementor-element-6d34f1d elementor-widget elementor-widget-text-editor\" data-id=\"6d34f1d\" data-element_type=\"widget\" data-widget_type=\"text-editor.default\">\n\t\t\t\t<div class=\"elementor-widget-container\">\n\t\t\t\t\t<div class=\"elementor-text-editor elementor-clearfix\"><p><b>1.<\/b>&nbsp;<b>La inscripci\u00f3n es completamente gratuita.<\/b>&nbsp;Ya sea porque deseas empezar a tomar clases personalizadas conmigo, porque quieres estudiar por tu cuenta a trav\u00e9s de los cursos interactivos ofrecidos en <i>IE Academy<\/i> o porque deseas referir amigos y familiares convirti\u00e9ndote en socio de International English.<\/p>\n<p><b>2. Para programar tu clase es necesario cancelar el valor de \u00e9sta o contar con saldo disponible en el monedero.&nbsp;<\/b>Una vez tu clase este programada es necesario que canceles el valor de dicha clase antes de recibirla as\u00ed como cualquier desplazamiento del profesor si lo hubiere. Tambi\u00e9n puedes manejar un monedero dentro de la aplicaci\u00f3n. Este monedero se activa en el momento en que pagas m\u00e1s de una clase permiti\u00e9ndote tener un saldo disponible para pr\u00f3ximas clases y\/o compras dentro de <i>IE Academy<\/i>. Todos los movimientos del monedero los puedes consultar en la zona de estudiantes para que siempre tengas control sobre el dinero que has invertido. Para cancelar el valor de la clase o recargar tu monedero puedes usar cualquiera de los siguientes canales:<\/p>\n<ul>\n<li><span style=\"font-family: poppins;\"><b>Nequi<\/b>: Puedes pagar tus clases si tienes cuenta en cualquier banco de Colombia a trav\u00e9s de PSE por medio de Nequi (<a href=\"https:\/\/recarga.nequi.com.co\">haz clic aqu\u00ed<\/a>) basta con realizar una recarga al celular 315-866-3336 (sin costo).<\/span><\/li>\n<li><span style=\"font-family: poppins;\"><b>Bancolombia<\/b>: Cuenta ahorros # 3063-1703-717 (sin costo en corresponsales y por transferencia. Si se hace consignaci\u00f3n por ventanilla agregar $14.000 de la comisi\u00f3n bancaria)<\/span><\/li>\n<li><span style=\"font-family: poppins;\"><b>Efectivo<\/b>:&nbsp;<\/span><font face=\"poppins\">Puedes recargar tu saldo disponible cancelando en efectivo directamente al profesor.<\/font><\/li>\n<li><b style=\"font-family: poppins;\">Transferencia Internacional<\/b><font face=\"poppins\">: Si te encuentras fuera del territorio nacional puedes utilizar la cuenta Bancolombia antes descrita para realizar una transferencia internacional. El valor acreditado ser\u00e1 el recibido en pesos.<\/font><\/li>\n<li style=\"\"><font face=\"poppins\" style=\"\"><b>PayPal<\/b>:&nbsp;<\/font><font face=\"poppins\">Esta opci\u00f3n esta disponible tanto si estas fuera del territorio colombiano como si prefieres pagar con tu tarjeta de cr\u00e9dito (cualquier franquicia). Para ello debes enviar el dinero al correo: <b>hary.marin@msn.com<\/b> al igual que con la transferencia internacional el valor que ver\u00e1s en la zona de estudiantes ser\u00e1 el recibido en pesos.<\/font><\/li>\n<li style=\"\"><font face=\"poppins\"><font face=\"poppins\" style=\"\"><b>Western Union \/ Efecty:&nbsp;<\/b>&nbsp;<\/font>Tambi\u00e9n puedes recargar tu saldo a trav\u00e9s de los corresponsales de Western Union (en el exterior) o Efecty (en Colombia).<br><\/font><\/li>\n<\/ul>\n<p><b>3. Reservar el espacio para una clase representa un compromiso de asistencia.<\/b>&nbsp;Es importante que sepas que cuando programas una clase separo el tiempo dentro de mi cronograma de actividades, es por ello que te pido seguir las siguientes recomendaciones:<\/p>\n<p><b><span style=\"color: #071c72;\">El tiempo de la clase empieza a contar a partir de la hora en la que \u00e9sta este programada:<\/span><span style=\"color: #4986e7;\">&nbsp;<\/span><\/b>No importa si es una clase presencial o virtual. El tiempo de ambos es un recurso valioso y debemos tratarlo como tal.<\/p>\n<p><b><span style=\"color: #071c72;\">En caso de no asistir a la clase en la fecha y hora convenidos se te cobrar\u00e1 un cargo por inasistencia:<\/span><span style=\"color: #4986e7;\">&nbsp;<\/span><\/b>Este cargo equivale al costo de la clase que se hab\u00eda programado. Tendr\u00e1s la oportunidad de reservar un nuevo espacio para tomar tu clase pero deber\u00e1s cancelar nuevamente el valor de \u00e9sta.<\/p>\n<p><b><span style=\"color: #fd2300;\">Excepciones:<\/span><\/b><\/p>\n<p>Entiendo que a veces a todos se nos pueden presentar imprevistos que nos impiden cumplir nuestros planes, pero es nuestro deber informar de \u00e9stos imprevistos a qui\u00e9n nos est\u00e1 esperando. Por ello para evitar incurrir en cargos por inasistencia o perder tiempo valioso de nuestras clases te solicito cordialmente me informes cualquier modificaci\u00f3n en el horario al menos&nbsp;<b><u>24 horas<\/u><\/b>&nbsp;&nbsp;antes del inicio de nuestra clase. De esta manera podr\u00e9 abrirle dicho espacio a otro estudiante y por ende no se te aplicar\u00e1 ning\u00fan cargo.<\/p>\n<p>\u00a1Eso es todo!. Si est\u00e1s listo para inscribirte por favor diligencia el formulario de inscripci\u00f3n que encontrar\u00e1s haciendo clic en el siguiente bot\u00f3n. Una vez lo hayas diligenciado y enviado recibir\u00e9 tus datos y me comunicar\u00e9 contigo para que tengamos nuestro primer contacto a trav\u00e9s de una llamada telef\u00f3nica. Ten en cuenta que muchas veces me encuentro dictando clase por lo que te pido un margen de 24 horas despu\u00e9s de tu inscripci\u00f3n para comunicarme. Muchas gracias!<\/p><\/div>\n\t\t\t\t<\/div>\n\t\t\t\t<\/div>\n\t\t\t\t\t\t<\/div>\n\t\t\t\t\t<\/div>\n\t\t<\/div>\n\t\t\t\t\t\t\t\t<\/div>\n\t\t\t\t\t<\/div>\n\t\t<\/section>\n\t\t\t\t<section class=\"elementor-section elementor-top-section elementor-element elementor-element-19ca88e elementor-section-boxed elementor-section-height-default elementor-section-height-default\" data-id=\"19ca88e\" data-element_type=\"section\">\n\t\t\t\t\t\t<div class=\"elementor-container elementor-column-gap-default\">\n\t\t\t\t\t\t\t<div class=\"elementor-row\">\n\t\t\t\t\t<div class=\"elementor-column elementor-col-100 elementor-top-column elementor-element elementor-element-44c229d\" data-id=\"44c229d\" data-element_type=\"column\">\n\t\t\t<div class=\"elementor-column-wrap elementor-element-populated\">\n\t\t\t\t\t\t\t<div class=\"elementor-widget-wrap\">\n\t\t\t\t\t\t<div class=\"elementor-element elementor-element-ea00876 elementor-align-center elementor-widget elementor-widget-button\" data-id=\"ea00876\" data-element_type=\"widget\" data-widget_type=\"button.default\">\n\t\t\t\t<div class=\"elementor-widget-container\">\n\t\t\t\t\t<div class=\"elementor-button-wrapper\">\n\t\t\t<a href=\"https:\/\/apex.oracle.com\/pls\/apex\/f?p=87149:2\" target=\"_blank\" class=\"elementor-button-link elementor-button elementor-size-md\" role=\"button\">\n\t\t\t\t\t\t<span class=\"elementor-button-content-wrapper\">\n\t\t\t\t\t\t<span class=\"elementor-button-text\">Inscr\u00edbete Aqu\u00ed<\/span>\n\t\t<\/span>\n\t\t\t\t\t<\/a>\n\t\t<\/div>\n\t\t\t\t<\/div>\n\t\t\t\t<\/div>\n\t\t\t\t\t\t<\/div>\n\t\t\t\t\t<\/div>\n\t\t<\/div>\n\t\t\t\t\t\t\t\t<\/div>\n\t\t\t\t\t<\/div>\n\t\t<\/section>\n\t\t\t\t\t\t<\/div>\n\t\t\t\t\t\t<\/div>\n\t\t\t\t\t<\/div>\n\t\t","protected":false},"excerpt":{"rendered":"<p>\u00a1Est\u00e1s a un paso de adoptar el Ingl\u00e9s como segunda lengua! Pero antes es importante que conozcas nuestro acuerdo de estudiantes&#8230; Acuerdo de estudiantes Bienvenido a International English, a continuaci\u00f3n encontrar\u00e1s nuestro acuerdo de estudiantes para las clases personalizadas: 1.&nbsp;La inscripci\u00f3n es completamente gratuita.&nbsp;Ya sea porque deseas empezar a tomar clases personalizadas conmigo, porque quieres &hellip;<\/p>\n<p class=\"read-more\"> <a class=\"\" href=\"https:\/\/ienglish.com.co\/index.php\/about\/\"> <span class=\"screen-reader-text\">Inscribirse<\/span> Read More &raquo;<\/a><\/p>\n","protected":false},"author":1,"featured_media":0,"parent":0,"menu_order":0,"comment_status":"closed","ping_status":"closed","template":"","meta":[],"yoast_head":"<!-- This site is optimized with the Yoast SEO plugin v15.2.1 - https:\/\/yoast.com\/wordpress\/plugins\/seo\/ -->\n<title>Inscribirse - International English<\/title>\n<meta name=\"robots\" content=\"noindex, follow\" \/>\n<meta property=\"og:locale\" content=\"en_US\" \/>\n<meta property=\"og:type\" content=\"article\" \/>\n<meta property=\"og:title\" content=\"Inscribirse - International English\" \/>\n<meta property=\"og:description\" content=\"\u00a1Est\u00e1s a un paso de adoptar el Ingl\u00e9s como segunda lengua! Pero antes es importante que conozcas nuestro acuerdo de estudiantes&#8230; Acuerdo de estudiantes Bienvenido a International English, a continuaci\u00f3n encontrar\u00e1s nuestro acuerdo de estudiantes para las clases personalizadas: 1.&nbsp;La inscripci\u00f3n es completamente gratuita.&nbsp;Ya sea porque deseas empezar a tomar clases personalizadas conmigo, porque quieres &hellip; Inscribirse Read More &raquo;\" \/>\n<meta property=\"og:url\" content=\"https:\/\/ienglish.com.co\/index.php\/about\/\" \/>\n<meta property=\"og:site_name\" content=\"International English\" \/>\n<meta property=\"article:publisher\" content=\"https:\/\/www.facebook.com\/ienglish.com.co\/\" \/>\n<meta property=\"article:modified_time\" content=\"2021-06-09T19:30:19+00:00\" \/>\n<meta property=\"og:image\" content=\"https:\/\/ienglish.com.co\/wp-content\/uploads\/2020\/11\/nd_acuerdo_estudiantes-1024x401.jpg\" \/>\n<meta name=\"twitter:card\" content=\"summary_large_image\" \/>\n<meta name=\"twitter:label1\" content=\"Written by\">\n\t<meta name=\"twitter:data1\" content=\"hary.marin\">\n\t<meta name=\"twitter:label2\" content=\"Est. reading time\">\n\t<meta name=\"twitter:data2\" content=\"3 minutes\">\n<script type=\"application\/ld+json\" class=\"yoast-schema-graph\">{\"@context\":\"https:\/\/schema.org\",\"@graph\":[{\"@type\":\"Organization\",\"@id\":\"https:\/\/ienglish.com.co\/#organization\",\"name\":\"International english\",\"url\":\"https:\/\/ienglish.com.co\/\",\"sameAs\":[\"https:\/\/www.facebook.com\/ienglish.com.co\/\"],\"logo\":{\"@type\":\"ImageObject\",\"@id\":\"https:\/\/ienglish.com.co\/#logo\",\"inLanguage\":\"en-US\",\"url\":\"https:\/\/ienglish.com.co\/wp-content\/uploads\/2020\/11\/logo_International_english.png\",\"width\":700,\"height\":207,\"caption\":\"International english\"},\"image\":{\"@id\":\"https:\/\/ienglish.com.co\/#logo\"}},{\"@type\":\"WebSite\",\"@id\":\"https:\/\/ienglish.com.co\/#website\",\"url\":\"https:\/\/ienglish.com.co\/\",\"name\":\"International English\",\"description\":\"\",\"publisher\":{\"@id\":\"https:\/\/ienglish.com.co\/#organization\"},\"potentialAction\":[{\"@type\":\"SearchAction\",\"target\":\"https:\/\/ienglish.com.co\/?s={search_term_string}\",\"query-input\":\"required name=search_term_string\"}],\"inLanguage\":\"en-US\"},{\"@type\":\"ImageObject\",\"@id\":\"https:\/\/ienglish.com.co\/index.php\/about\/#primaryimage\",\"inLanguage\":\"en-US\",\"url\":\"https:\/\/ienglish.com.co\/wp-content\/uploads\/2020\/11\/nd_acuerdo_estudiantes.jpg\",\"width\":1348,\"height\":528},{\"@type\":\"WebPage\",\"@id\":\"https:\/\/ienglish.com.co\/index.php\/about\/#webpage\",\"url\":\"https:\/\/ienglish.com.co\/index.php\/about\/\",\"name\":\"Inscribirse - International English\",\"isPartOf\":{\"@id\":\"https:\/\/ienglish.com.co\/#website\"},\"primaryImageOfPage\":{\"@id\":\"https:\/\/ienglish.com.co\/index.php\/about\/#primaryimage\"},\"datePublished\":\"2018-12-06T12:49:02+00:00\",\"dateModified\":\"2021-06-09T19:30:19+00:00\",\"inLanguage\":\"en-US\",\"potentialAction\":[{\"@type\":\"ReadAction\",\"target\":[\"https:\/\/ienglish.com.co\/index.php\/about\/\"]}]}]}<\/script>\n<!-- \/ Yoast SEO plugin. -->","_links":{"self":[{"href":"https:\/\/ienglish.com.co\/index.php\/wp-json\/wp\/v2\/pages\/158"}],"collection":[{"href":"https:\/\/ienglish.com.co\/index.php\/wp-json\/wp\/v2\/pages"}],"about":[{"href":"https:\/\/ienglish.com.co\/index.php\/wp-json\/wp\/v2\/types\/page"}],"author":[{"embeddable":true,"href":"https:\/\/ienglish.com.co\/index.php\/wp-json\/wp\/v2\/users\/1"}],"replies":[{"embeddable":true,"href":"https:\/\/ienglish.com.co\/index.php\/wp-json\/wp\/v2\/comments?post=158"}],"version-history":[{"count":44,"href":"https:\/\/ienglish.com.co\/index.php\/wp-json\/wp\/v2\/pages\/158\/revisions"}],"predecessor-version":[{"id":25396,"href":"https:\/\/ienglish.com.co\/index.php\/wp-json\/wp\/v2\/pages\/158\/revisions\/25396"}],"wp:attachment":[{"href":"https:\/\/ienglish.com.co\/index.php\/wp-json\/wp\/v2\/media?parent=158"}],"curies":[{"name":"wp","href":"https:\/\/api.w.org\/{rel}","templated":true}]}}