{"id":25032,"date":"2020-11-03T02:06:22","date_gmt":"2020-11-03T02:06:22","guid":{"rendered":"http:\/\/ienglish.com.co\/?page_id=25032"},"modified":"2021-08-27T08:26:07","modified_gmt":"2021-08-27T13:26:07","slug":"faqs","status":"publish","type":"page","link":"https:\/\/ienglish.com.co\/index.php\/faqs\/","title":{"rendered":"FAQs"},"content":{"rendered":"\t\t<div data-elementor-type=\"wp-post\" data-elementor-id=\"25032\" class=\"elementor elementor-25032\" data-elementor-settings=\"[]\">\n\t\t\t\t\t\t<div class=\"elementor-inner\">\n\t\t\t\t\t\t\t<div class=\"elementor-section-wrap\">\n\t\t\t\t\t\t\t<section class=\"elementor-section elementor-top-section elementor-element elementor-element-879ab0e elementor-section-boxed elementor-section-height-default elementor-section-height-default\" data-id=\"879ab0e\" data-element_type=\"section\">\n\t\t\t\t\t\t<div class=\"elementor-container elementor-column-gap-default\">\n\t\t\t\t\t\t\t<div class=\"elementor-row\">\n\t\t\t\t\t<div class=\"elementor-column elementor-col-100 elementor-top-column elementor-element elementor-element-171cfea\" data-id=\"171cfea\" data-element_type=\"column\">\n\t\t\t<div class=\"elementor-column-wrap elementor-element-populated\">\n\t\t\t\t\t\t\t<div class=\"elementor-widget-wrap\">\n\t\t\t\t\t\t<div class=\"elementor-element elementor-element-4e5eb1b elementor-widget elementor-widget-shortcode\" data-id=\"4e5eb1b\" data-element_type=\"widget\" data-widget_type=\"shortcode.default\">\n\t\t\t\t<div class=\"elementor-widget-container\">\n\t\t\t\t\t<div class=\"elementor-shortcode\"><\/div>\n\t\t\t\t<\/div>\n\t\t\t\t<\/div>\n\t\t\t\t\t\t<\/div>\n\t\t\t\t\t<\/div>\n\t\t<\/div>\n\t\t\t\t\t\t\t\t<\/div>\n\t\t\t\t\t<\/div>\n\t\t<\/section>\n\t\t\t\t<section class=\"elementor-section elementor-top-section elementor-element elementor-element-4eb7c76 elementor-section-boxed elementor-section-height-default elementor-section-height-default\" data-id=\"4eb7c76\" data-element_type=\"section\">\n\t\t\t\t\t\t<div class=\"elementor-container elementor-column-gap-default\">\n\t\t\t\t\t\t\t<div class=\"elementor-row\">\n\t\t\t\t\t<div class=\"elementor-column elementor-col-100 elementor-top-column elementor-element elementor-element-245f314\" data-id=\"245f314\" data-element_type=\"column\">\n\t\t\t<div class=\"elementor-column-wrap elementor-element-populated\">\n\t\t\t\t\t\t\t<div class=\"elementor-widget-wrap\">\n\t\t\t\t\t\t<section class=\"elementor-section elementor-inner-section elementor-element elementor-element-5f3b9e6 elementor-section-boxed elementor-section-height-default elementor-section-height-default\" data-id=\"5f3b9e6\" data-element_type=\"section\">\n\t\t\t\t\t\t<div class=\"elementor-container elementor-column-gap-default\">\n\t\t\t\t\t\t\t<div class=\"elementor-row\">\n\t\t\t\t\t<div class=\"elementor-column elementor-col-50 elementor-inner-column elementor-element elementor-element-102dc0d\" data-id=\"102dc0d\" data-element_type=\"column\">\n\t\t\t<div class=\"elementor-column-wrap elementor-element-populated\">\n\t\t\t\t\t\t\t<div class=\"elementor-widget-wrap\">\n\t\t\t\t\t\t<div class=\"elementor-element elementor-element-5169c3b elementor-position-left elementor-view-default elementor-vertical-align-top elementor-widget elementor-widget-icon-box\" data-id=\"5169c3b\" data-element_type=\"widget\" data-widget_type=\"icon-box.default\">\n\t\t\t\t<div class=\"elementor-widget-container\">\n\t\t\t\t\t<div class=\"elementor-icon-box-wrapper\">\n\t\t\t\t\t\t<div class=\"elementor-icon-box-icon\">\n\t\t\t\t<span class=\"elementor-icon elementor-animation-\" >\n\t\t\t\t<i aria-hidden=\"true\" class=\"fas fa-question-circle\"><\/i>\t\t\t\t<\/span>\n\t\t\t<\/div>\n\t\t\t\t\t\t<div class=\"elementor-icon-box-content\">\n\t\t\t\t<h3 class=\"elementor-icon-box-title\">\n\t\t\t\t\t<span >\u00bfCuanto tiempo toma aprender el idioma?<\/span>\n\t\t\t\t<\/h3>\n\t\t\t\t\t\t\t\t<p class=\"elementor-icon-box-description\">El tiempo depende de 3 factores: La cantidad de horas semanales que dediques al estudio de tus clases, tu nivel actual en el ingl\u00e9s y tus ganas de aprender y mejorar. Generalmente un estudiante que inicia desde cero y tiene una intensidad de 5 a 6 horas semanales en cuesti\u00f3n de 3 a 4 semanas est\u00e1 en capacidades de entender una conversaci\u00f3n y participar modestamente en ella. Despu\u00e9s de 8 semanas ininterrumpidas ya cuenta con las destrezas necesarias para participar m\u00e1s activamente y entender di\u00e1logos m\u00e1s complejos. Naturalmente el dominio del idioma tomar\u00e1 un poco mas de tiempo pero con motivaci\u00f3n y disciplina se alcanza esta meta. Lo mas importante es que recuerdes que en una clase personalizada (a diferencia de estar en un grupo) tu participaci\u00f3n es constante y el profesor se enfoca espec\u00edficamente en fortalecer tus habilidades por lo cual se consiguen resultados mucho mas r\u00e1pidos.<\/p>\n\t\t\t\t\t\t\t<\/div>\n\t\t<\/div>\n\t\t\t\t<\/div>\n\t\t\t\t<\/div>\n\t\t\t\t<div class=\"elementor-element elementor-element-a5233c4 elementor-position-left elementor-view-default elementor-vertical-align-top elementor-widget elementor-widget-icon-box\" data-id=\"a5233c4\" data-element_type=\"widget\" data-widget_type=\"icon-box.default\">\n\t\t\t\t<div class=\"elementor-widget-container\">\n\t\t\t\t\t<div class=\"elementor-icon-box-wrapper\">\n\t\t\t\t\t\t<div class=\"elementor-icon-box-icon\">\n\t\t\t\t<span class=\"elementor-icon elementor-animation-\" >\n\t\t\t\t<i aria-hidden=\"true\" class=\"fas fa-question-circle\"><\/i>\t\t\t\t<\/span>\n\t\t\t<\/div>\n\t\t\t\t\t\t<div class=\"elementor-icon-box-content\">\n\t\t\t\t<h3 class=\"elementor-icon-box-title\">\n\t\t\t\t\t<span >\u00bfDebo pagar siempre mis clases antes?<\/span>\n\t\t\t\t<\/h3>\n\t\t\t\t\t\t\t\t<p class=\"elementor-icon-box-description\">S\u00ed, especialmente cuando llevas poco tiempo como estudiante. Recuerda que el hecho de que canceles tu clase por adelantado me garantiza que salvo un imprevisto asistir\u00e1s o estar\u00e1s en tu domicilio a la hora acordada, ademas respalda la reserva del espacio en mi cronograma y de \u00e9sta forma s\u00e9 que no debo comprometerme con otro estudiante en dicho horario. Una vez recibas tu primera clase muy posiblemente desees continuar con tu proceso por lo cual puedes hacer uso del monedero y as\u00ed no tener que pagar cada clase por anticipado.<\/p>\n\t\t\t\t\t\t\t<\/div>\n\t\t<\/div>\n\t\t\t\t<\/div>\n\t\t\t\t<\/div>\n\t\t\t\t<div class=\"elementor-element elementor-element-beee0ae elementor-position-left elementor-view-default elementor-vertical-align-top elementor-widget elementor-widget-icon-box\" data-id=\"beee0ae\" data-element_type=\"widget\" data-widget_type=\"icon-box.default\">\n\t\t\t\t<div class=\"elementor-widget-container\">\n\t\t\t\t\t<div class=\"elementor-icon-box-wrapper\">\n\t\t\t\t\t\t<div class=\"elementor-icon-box-icon\">\n\t\t\t\t<span class=\"elementor-icon elementor-animation-\" >\n\t\t\t\t<i aria-hidden=\"true\" class=\"fas fa-question-circle\"><\/i>\t\t\t\t<\/span>\n\t\t\t<\/div>\n\t\t\t\t\t\t<div class=\"elementor-icon-box-content\">\n\t\t\t\t<h3 class=\"elementor-icon-box-title\">\n\t\t\t\t\t<span >\u00bfC\u00f3mo funciona el monedero?<\/span>\n\t\t\t\t<\/h3>\n\t\t\t\t\t\t\t\t<p class=\"elementor-icon-box-description\">El monedero (llamado tambi\u00e9n saldo disponible) representa el dinero que tienes a tu favor y que puedes utilizar dentro de la zona de estudiantes tanto para el pago de tus clases como para adquirir cursos interactivos en <i>IE Academy<\/i>. Se activa cada vez que haces una recarga a tu cuenta o cuando cancelas m\u00e1s de una clase por adelantado. Todos los movimientos que se generen cuando hagas uso del monedero los puedes consultar desde la aplicaci\u00f3n web con tu cuenta, de esta forma podr\u00e1s hacerle seguimiento a todos tus pagos y recargas. De todas formas ten en cuenta que para reservar un espacio para tu clase debes cancelar al menos el valor de dicha clase de forma anticipada.<\/p>\n\t\t\t\t\t\t\t<\/div>\n\t\t<\/div>\n\t\t\t\t<\/div>\n\t\t\t\t<\/div>\n\t\t\t\t<div class=\"elementor-element elementor-element-87a4c2a elementor-position-left elementor-view-default elementor-vertical-align-top elementor-widget elementor-widget-icon-box\" data-id=\"87a4c2a\" data-element_type=\"widget\" data-widget_type=\"icon-box.default\">\n\t\t\t\t<div class=\"elementor-widget-container\">\n\t\t\t\t\t<div class=\"elementor-icon-box-wrapper\">\n\t\t\t\t\t\t<div class=\"elementor-icon-box-icon\">\n\t\t\t\t<span class=\"elementor-icon elementor-animation-\" >\n\t\t\t\t<i aria-hidden=\"true\" class=\"fas fa-question-circle\"><\/i>\t\t\t\t<\/span>\n\t\t\t<\/div>\n\t\t\t\t\t\t<div class=\"elementor-icon-box-content\">\n\t\t\t\t<h3 class=\"elementor-icon-box-title\">\n\t\t\t\t\t<span >\u00bfDebo inscribirme para referir amigos?<\/span>\n\t\t\t\t<\/h3>\n\t\t\t\t\t\t\t\t<p class=\"elementor-icon-box-description\">As\u00ed es. De esta forma cuando un estudiante que haya sido referido por ti se inscriba y empiece sus clases podr\u00e1s consultar desde tu cuenta cu\u00e1ntas clases lleva y cu\u00e1ntas le faltan para generarte tus beneficios. No olvides que para que esto sea posible debes solicitarle a tu referido que indique que se ha enterado del servicio a trav\u00e9s tuyo al momento de realizar la inscripci\u00f3n.<\/p>\n\t\t\t\t\t\t\t<\/div>\n\t\t<\/div>\n\t\t\t\t<\/div>\n\t\t\t\t<\/div>\n\t\t\t\t\t\t<\/div>\n\t\t\t\t\t<\/div>\n\t\t<\/div>\n\t\t\t\t<div class=\"elementor-column elementor-col-50 elementor-inner-column elementor-element elementor-element-2a9ec2c\" data-id=\"2a9ec2c\" data-element_type=\"column\">\n\t\t\t<div class=\"elementor-column-wrap elementor-element-populated\">\n\t\t\t\t\t\t\t<div class=\"elementor-widget-wrap\">\n\t\t\t\t\t\t<div class=\"elementor-element elementor-element-079ab97 elementor-position-left elementor-view-default elementor-vertical-align-top elementor-widget elementor-widget-icon-box\" data-id=\"079ab97\" data-element_type=\"widget\" data-widget_type=\"icon-box.default\">\n\t\t\t\t<div class=\"elementor-widget-container\">\n\t\t\t\t\t<div class=\"elementor-icon-box-wrapper\">\n\t\t\t\t\t\t<div class=\"elementor-icon-box-icon\">\n\t\t\t\t<span class=\"elementor-icon elementor-animation-\" >\n\t\t\t\t<i aria-hidden=\"true\" class=\"fas fa-question-circle\"><\/i>\t\t\t\t<\/span>\n\t\t\t<\/div>\n\t\t\t\t\t\t<div class=\"elementor-icon-box-content\">\n\t\t\t\t<h3 class=\"elementor-icon-box-title\">\n\t\t\t\t\t<span >\u00bfPuedo tomar clases con mi pareja?<\/span>\n\t\t\t\t<\/h3>\n\t\t\t\t\t\t\t\t<p class=\"elementor-icon-box-description\">Puedes, pero desde mi experiencia no te lo recomendar\u00eda. Ver\u00e1s, cuando tomas clases con tu pareja disminuye tu participaci\u00f3n en clase ya que el tiempo se debe repartir entre 2 personas, adicionalmente ten en cuenta que cada persona tiene una forma de aprendizaje distinta y lo que puede resultar eficiente para ti puede no serlo para tu pareja. Eso sin contar que generalmente uno de los dos puede estar un nivel (o varios) por encima o por debajo del otro en el ingl\u00e9s con lo cual se puede perder f\u00e1cilmente el inter\u00e9s pues la clase podr\u00eda resultar o muy sencilla o muy compleja por estar a un nivel intermedio entre los 2. Si a\u00fan as\u00ed deseas tomar clases con tu pareja debes saber que al momento de realizar la inscripci\u00f3n solamente tendr\u00e1n un usuario en la plataforma web y por ende la calificaci\u00f3n y las recomendaciones ser\u00e1n de ambos y no individuales.<\/p>\n\t\t\t\t\t\t\t<\/div>\n\t\t<\/div>\n\t\t\t\t<\/div>\n\t\t\t\t<\/div>\n\t\t\t\t<div class=\"elementor-element elementor-element-4ebf3fb elementor-position-left elementor-view-default elementor-vertical-align-top elementor-widget elementor-widget-icon-box\" data-id=\"4ebf3fb\" data-element_type=\"widget\" data-widget_type=\"icon-box.default\">\n\t\t\t\t<div class=\"elementor-widget-container\">\n\t\t\t\t\t<div class=\"elementor-icon-box-wrapper\">\n\t\t\t\t\t\t<div class=\"elementor-icon-box-icon\">\n\t\t\t\t<span class=\"elementor-icon elementor-animation-\" >\n\t\t\t\t<i aria-hidden=\"true\" class=\"fas fa-question-circle\"><\/i>\t\t\t\t<\/span>\n\t\t\t<\/div>\n\t\t\t\t\t\t<div class=\"elementor-icon-box-content\">\n\t\t\t\t<h3 class=\"elementor-icon-box-title\">\n\t\t\t\t\t<span >\u00bfQue sucede si no puedo asistir a la clase?<\/span>\n\t\t\t\t<\/h3>\n\t\t\t\t\t\t\t\t<p class=\"elementor-icon-box-description\">Si ya has reservado tu espacio para la clase y surge una eventualidad por favor comun\u00edcate conmigo lo m\u00e1s pronto posible. Si lo haces con tiempo suficiente para poder reorganizar mi cronograma solamente tendremos que buscar un nuevo espacio para la clase; sin embargo, si me avisas sobre el tiempo (es decir, cuando ya no me es posible reagendar mi horario para asignarle el espacio a otro estudiante) se te har\u00e1 un cargo compensatorio por el tiempo acordado de clase. Si no pudiste recibir tu clase por favor comun\u00edcate nuevamente para agendar una nueva cita.<\/p>\n\t\t\t\t\t\t\t<\/div>\n\t\t<\/div>\n\t\t\t\t<\/div>\n\t\t\t\t<\/div>\n\t\t\t\t<div class=\"elementor-element elementor-element-aed8c75 elementor-position-left elementor-view-default elementor-vertical-align-top elementor-widget elementor-widget-icon-box\" data-id=\"aed8c75\" data-element_type=\"widget\" data-widget_type=\"icon-box.default\">\n\t\t\t\t<div class=\"elementor-widget-container\">\n\t\t\t\t\t<div class=\"elementor-icon-box-wrapper\">\n\t\t\t\t\t\t<div class=\"elementor-icon-box-icon\">\n\t\t\t\t<span class=\"elementor-icon elementor-animation-\" >\n\t\t\t\t<i aria-hidden=\"true\" class=\"fas fa-question-circle\"><\/i>\t\t\t\t<\/span>\n\t\t\t<\/div>\n\t\t\t\t\t\t<div class=\"elementor-icon-box-content\">\n\t\t\t\t<h3 class=\"elementor-icon-box-title\">\n\t\t\t\t\t<span >\u00bfPuedo recibir clases gratis?<\/span>\n\t\t\t\t<\/h3>\n\t\t\t\t\t\t\t\t<p class=\"elementor-icon-box-description\">\u00a1S\u00ed! Todos los socios de International English pueden recibir clases personalizadas completamente gratis. \u00bfC\u00f3mo te conviertes en socio? a trav\u00e9s de tus referidos. Si te gustan tus clases y deseas recomendarme con tus amigos y conocidos te har\u00e1s socio desde el momento en que tu primer referido se inscriba. Cada vez que un referido complete 5 clases recibir\u00e1s una clase virtual completamente gratis incluyendo todos sus beneficios (como el material PDF y tu valoraci\u00f3n). Puedes generar clases gratis hasta 3 veces por cada referido, sin embargo, no hay limite en la cantidad de referidos que puedes tener as\u00ed que si tus referidos son estudiantes activos puedes hacer tu curso completamente gratis! <\/p>\n\t\t\t\t\t\t\t<\/div>\n\t\t<\/div>\n\t\t\t\t<\/div>\n\t\t\t\t<\/div>\n\t\t\t\t<div class=\"elementor-element elementor-element-d0c120f elementor-position-left elementor-view-default elementor-vertical-align-top elementor-widget elementor-widget-icon-box\" data-id=\"d0c120f\" data-element_type=\"widget\" data-widget_type=\"icon-box.default\">\n\t\t\t\t<div class=\"elementor-widget-container\">\n\t\t\t\t\t<div class=\"elementor-icon-box-wrapper\">\n\t\t\t\t\t\t<div class=\"elementor-icon-box-icon\">\n\t\t\t\t<span class=\"elementor-icon elementor-animation-\" >\n\t\t\t\t<i aria-hidden=\"true\" class=\"fas fa-question-circle\"><\/i>\t\t\t\t<\/span>\n\t\t\t<\/div>\n\t\t\t\t\t\t<div class=\"elementor-icon-box-content\">\n\t\t\t\t<h3 class=\"elementor-icon-box-title\">\n\t\t\t\t\t<span >\u00bfPuedo recibir clases los d\u00edas festivos?<\/span>\n\t\t\t\t<\/h3>\n\t\t\t\t\t\t\t\t<p class=\"elementor-icon-box-description\">Generalmente no estoy disponible los d\u00edas festivos (esto incluye los domingos), sin embargo si no nos es posible reservar otro espacio para tu clase podr\u00edamos considerar la posibilidad de reunirnos \u00e9stos d\u00edas para realizar clases espor\u00e1dicas.<\/p>\n\t\t\t\t\t\t\t<\/div>\n\t\t<\/div>\n\t\t\t\t<\/div>\n\t\t\t\t<\/div>\n\t\t\t\t\t\t<\/div>\n\t\t\t\t\t<\/div>\n\t\t<\/div>\n\t\t\t\t\t\t\t\t<\/div>\n\t\t\t\t\t<\/div>\n\t\t<\/section>\n\t\t\t\t\t\t<\/div>\n\t\t\t\t\t<\/div>\n\t\t<\/div>\n\t\t\t\t\t\t\t\t<\/div>\n\t\t\t\t\t<\/div>\n\t\t<\/section>\n\t\t\t\t<section class=\"elementor-section elementor-top-section elementor-element elementor-element-cd78d39 elementor-section-boxed elementor-section-height-default elementor-section-height-default\" data-id=\"cd78d39\" data-element_type=\"section\" data-settings=\"{&quot;background_background&quot;:&quot;classic&quot;}\">\n\t\t\t\t\t\t\t<div class=\"elementor-background-overlay\"><\/div>\n\t\t\t\t\t\t\t<div class=\"elementor-container elementor-column-gap-default\">\n\t\t\t\t\t\t\t<div class=\"elementor-row\">\n\t\t\t\t\t<div class=\"elementor-column elementor-col-33 elementor-top-column elementor-element elementor-element-7e6aa5e\" data-id=\"7e6aa5e\" data-element_type=\"column\">\n\t\t\t<div class=\"elementor-column-wrap\">\n\t\t\t\t\t\t\t<div class=\"elementor-widget-wrap\">\n\t\t\t\t\t\t\t\t<\/div>\n\t\t\t\t\t<\/div>\n\t\t<\/div>\n\t\t\t\t<div class=\"elementor-column elementor-col-33 elementor-top-column elementor-element elementor-element-dd8c22d\" data-id=\"dd8c22d\" data-element_type=\"column\">\n\t\t\t<div class=\"elementor-column-wrap elementor-element-populated\">\n\t\t\t\t\t\t\t<div class=\"elementor-widget-wrap\">\n\t\t\t\t\t\t<div class=\"elementor-element elementor-element-49b9da8 elementor-position-left elementor-view-default elementor-vertical-align-top elementor-widget elementor-widget-icon-box\" data-id=\"49b9da8\" data-element_type=\"widget\" data-widget_type=\"icon-box.default\">\n\t\t\t\t<div class=\"elementor-widget-container\">\n\t\t\t\t\t<div class=\"elementor-icon-box-wrapper\">\n\t\t\t\t\t\t<div class=\"elementor-icon-box-icon\">\n\t\t\t\t<span class=\"elementor-icon elementor-animation-\" >\n\t\t\t\t<i aria-hidden=\"true\" class=\"fab fa-slideshare\"><\/i>\t\t\t\t<\/span>\n\t\t\t<\/div>\n\t\t\t\t\t\t<div class=\"elementor-icon-box-content\">\n\t\t\t\t<h3 class=\"elementor-icon-box-title\">\n\t\t\t\t\t<span >\u00bfTienes m\u00e1s preguntas?<\/span>\n\t\t\t\t<\/h3>\n\t\t\t\t\t\t\t\t<p class=\"elementor-icon-box-description\">Estoy aqu\u00ed para despejar todas tus dudas. Cualquier inquietud que a\u00fan no este clara para ti estar\u00e9 gustoso de resolverla. Puedes comunicarte conmigo a trav\u00e9s de cualquiera de los datos de contacto que aparecen m\u00e1s adelante...<\/p>\n\t\t\t\t\t\t\t<\/div>\n\t\t<\/div>\n\t\t\t\t<\/div>\n\t\t\t\t<\/div>\n\t\t\t\t\t\t<\/div>\n\t\t\t\t\t<\/div>\n\t\t<\/div>\n\t\t\t\t<div class=\"elementor-column elementor-col-33 elementor-top-column elementor-element elementor-element-d4c47ce\" data-id=\"d4c47ce\" data-element_type=\"column\">\n\t\t\t<div class=\"elementor-column-wrap\">\n\t\t\t\t\t\t\t<div class=\"elementor-widget-wrap\">\n\t\t\t\t\t\t\t\t<\/div>\n\t\t\t\t\t<\/div>\n\t\t<\/div>\n\t\t\t\t\t\t\t\t<\/div>\n\t\t\t\t\t<\/div>\n\t\t<\/section>\n\t\t\t\t\t\t<\/div>\n\t\t\t\t\t\t<\/div>\n\t\t\t\t\t<\/div>\n\t\t","protected":false},"excerpt":{"rendered":"<p>\u00bfCuanto tiempo toma aprender el idioma? El tiempo depende de 3 factores: La cantidad de horas semanales que dediques al estudio de tus clases, tu nivel actual en el ingl\u00e9s y tus ganas de aprender y mejorar. Generalmente un estudiante que inicia desde cero y tiene una intensidad de 5 a 6 horas semanales en &hellip;<\/p>\n<p class=\"read-more\"> <a class=\"\" href=\"https:\/\/ienglish.com.co\/index.php\/faqs\/\"> <span class=\"screen-reader-text\">FAQs<\/span> Read More &raquo;<\/a><\/p>\n","protected":false},"author":1,"featured_media":0,"parent":0,"menu_order":0,"comment_status":"closed","ping_status":"closed","template":"","meta":[],"yoast_head":"<!-- This site is optimized with the Yoast SEO plugin v15.2.1 - https:\/\/yoast.com\/wordpress\/plugins\/seo\/ -->\n<title>Preguntas Frecuntes<\/title>\n<meta name=\"description\" content=\"\u00bfCuanto tiempo tarda aprender ingles? Depende de 3 factores: La cantidad de horas semanales que dediques al estudio de tus clases, tu nivel actual en el ingl\u00e9s y tus ganas de aprender y mejorar.\" \/>\n<meta name=\"robots\" content=\"index, follow, max-snippet:-1, max-image-preview:large, max-video-preview:-1\" \/>\n<link rel=\"canonical\" href=\"https:\/\/ienglish.com.co\/index.php\/faqs\/\" \/>\n<meta property=\"og:locale\" content=\"en_US\" \/>\n<meta property=\"og:type\" content=\"article\" \/>\n<meta property=\"og:title\" content=\"Preguntas Frecuntes\" \/>\n<meta property=\"og:description\" content=\"\u00bfCuanto tiempo tarda aprender ingles? Depende de 3 factores: La cantidad de horas semanales que dediques al estudio de tus clases, tu nivel actual en el ingl\u00e9s y tus ganas de aprender y mejorar.\" \/>\n<meta property=\"og:url\" content=\"https:\/\/ienglish.com.co\/index.php\/faqs\/\" \/>\n<meta property=\"og:site_name\" content=\"International English\" \/>\n<meta property=\"article:publisher\" content=\"https:\/\/www.facebook.com\/ienglish.com.co\/\" \/>\n<meta property=\"article:modified_time\" content=\"2021-08-27T13:26:07+00:00\" \/>\n<meta name=\"twitter:card\" content=\"summary_large_image\" \/>\n<meta name=\"twitter:label1\" content=\"Written by\">\n\t<meta name=\"twitter:data1\" content=\"hary.marin\">\n\t<meta name=\"twitter:label2\" content=\"Est. reading time\">\n\t<meta name=\"twitter:data2\" content=\"4 minutes\">\n<script type=\"application\/ld+json\" class=\"yoast-schema-graph\">{\"@context\":\"https:\/\/schema.org\",\"@graph\":[{\"@type\":\"Organization\",\"@id\":\"https:\/\/ienglish.com.co\/#organization\",\"name\":\"International english\",\"url\":\"https:\/\/ienglish.com.co\/\",\"sameAs\":[\"https:\/\/www.facebook.com\/ienglish.com.co\/\"],\"logo\":{\"@type\":\"ImageObject\",\"@id\":\"https:\/\/ienglish.com.co\/#logo\",\"inLanguage\":\"en-US\",\"url\":\"https:\/\/ienglish.com.co\/wp-content\/uploads\/2020\/11\/logo_International_english.png\",\"width\":700,\"height\":207,\"caption\":\"International english\"},\"image\":{\"@id\":\"https:\/\/ienglish.com.co\/#logo\"}},{\"@type\":\"WebSite\",\"@id\":\"https:\/\/ienglish.com.co\/#website\",\"url\":\"https:\/\/ienglish.com.co\/\",\"name\":\"International English\",\"description\":\"\",\"publisher\":{\"@id\":\"https:\/\/ienglish.com.co\/#organization\"},\"potentialAction\":[{\"@type\":\"SearchAction\",\"target\":\"https:\/\/ienglish.com.co\/?s={search_term_string}\",\"query-input\":\"required name=search_term_string\"}],\"inLanguage\":\"en-US\"},{\"@type\":\"WebPage\",\"@id\":\"https:\/\/ienglish.com.co\/index.php\/faqs\/#webpage\",\"url\":\"https:\/\/ienglish.com.co\/index.php\/faqs\/\",\"name\":\"Preguntas Frecuntes\",\"isPartOf\":{\"@id\":\"https:\/\/ienglish.com.co\/#website\"},\"datePublished\":\"2020-11-03T02:06:22+00:00\",\"dateModified\":\"2021-08-27T13:26:07+00:00\",\"description\":\"\\u00bfCuanto tiempo tarda aprender ingles? Depende de 3 factores: La cantidad de horas semanales que dediques al estudio de tus clases, tu nivel actual en el ingl\\u00e9s y tus ganas de aprender y mejorar.\",\"inLanguage\":\"en-US\",\"potentialAction\":[{\"@type\":\"ReadAction\",\"target\":[\"https:\/\/ienglish.com.co\/index.php\/faqs\/\"]}]}]}<\/script>\n<!-- \/ Yoast SEO plugin. -->","_links":{"self":[{"href":"https:\/\/ienglish.com.co\/index.php\/wp-json\/wp\/v2\/pages\/25032"}],"collection":[{"href":"https:\/\/ienglish.com.co\/index.php\/wp-json\/wp\/v2\/pages"}],"about":[{"href":"https:\/\/ienglish.com.co\/index.php\/wp-json\/wp\/v2\/types\/page"}],"author":[{"embeddable":true,"href":"https:\/\/ienglish.com.co\/index.php\/wp-json\/wp\/v2\/users\/1"}],"replies":[{"embeddable":true,"href":"https:\/\/ienglish.com.co\/index.php\/wp-json\/wp\/v2\/comments?post=25032"}],"version-history":[{"count":18,"href":"https:\/\/ienglish.com.co\/index.php\/wp-json\/wp\/v2\/pages\/25032\/revisions"}],"predecessor-version":[{"id":25403,"href":"https:\/\/ienglish.com.co\/index.php\/wp-json\/wp\/v2\/pages\/25032\/revisions\/25403"}],"wp:attachment":[{"href":"https:\/\/ienglish.com.co\/index.php\/wp-json\/wp\/v2\/media?parent=25032"}],"curies":[{"name":"wp","href":"https:\/\/api.w.org\/{rel}","templated":true}]}}