{"id":25118,"date":"2020-11-03T21:01:00","date_gmt":"2020-11-03T21:01:00","guid":{"rendered":"http:\/\/ienglish.com.co\/?page_id=25118"},"modified":"2021-06-09T14:36:48","modified_gmt":"2021-06-09T19:36:48","slug":"metodos-2","status":"publish","type":"page","link":"https:\/\/ienglish.com.co\/index.php\/metodos-2\/","title":{"rendered":"M\u00e9todos"},"content":{"rendered":"\t\t<div data-elementor-type=\"wp-post\" data-elementor-id=\"25118\" class=\"elementor elementor-25118\" data-elementor-settings=\"[]\">\n\t\t\t\t\t\t<div class=\"elementor-inner\">\n\t\t\t\t\t\t\t<div class=\"elementor-section-wrap\">\n\t\t\t\t\t\t\t<section class=\"elementor-section elementor-top-section elementor-element elementor-element-c7ab1fb elementor-section-boxed elementor-section-height-default elementor-section-height-default\" data-id=\"c7ab1fb\" data-element_type=\"section\">\n\t\t\t\t\t\t<div class=\"elementor-container elementor-column-gap-default\">\n\t\t\t\t\t\t\t<div class=\"elementor-row\">\n\t\t\t\t\t<div class=\"elementor-column elementor-col-100 elementor-top-column elementor-element elementor-element-0e7de21\" data-id=\"0e7de21\" data-element_type=\"column\">\n\t\t\t<div class=\"elementor-column-wrap elementor-element-populated\">\n\t\t\t\t\t\t\t<div class=\"elementor-widget-wrap\">\n\t\t\t\t\t\t<div class=\"elementor-element elementor-element-0d4fe18 elementor-widget elementor-widget-shortcode\" data-id=\"0d4fe18\" data-element_type=\"widget\" data-widget_type=\"shortcode.default\">\n\t\t\t\t<div class=\"elementor-widget-container\">\n\t\t\t\t\t<div class=\"elementor-shortcode\"><\/div>\n\t\t\t\t<\/div>\n\t\t\t\t<\/div>\n\t\t\t\t\t\t<\/div>\n\t\t\t\t\t<\/div>\n\t\t<\/div>\n\t\t\t\t\t\t\t\t<\/div>\n\t\t\t\t\t<\/div>\n\t\t<\/section>\n\t\t\t\t<section class=\"elementor-section elementor-top-section elementor-element elementor-element-937db4b elementor-section-boxed elementor-section-height-default elementor-section-height-default\" data-id=\"937db4b\" data-element_type=\"section\">\n\t\t\t\t\t\t<div class=\"elementor-container elementor-column-gap-default\">\n\t\t\t\t\t\t\t<div class=\"elementor-row\">\n\t\t\t\t\t<div class=\"elementor-column elementor-col-100 elementor-top-column elementor-element elementor-element-ff3d6d8\" data-id=\"ff3d6d8\" data-element_type=\"column\">\n\t\t\t<div class=\"elementor-column-wrap elementor-element-populated\">\n\t\t\t\t\t\t\t<div class=\"elementor-widget-wrap\">\n\t\t\t\t\t\t<div class=\"elementor-element elementor-element-ad016d8 elementor-widget elementor-widget-heading\" data-id=\"ad016d8\" data-element_type=\"widget\" data-widget_type=\"heading.default\">\n\t\t\t\t<div class=\"elementor-widget-container\">\n\t\t\t<h2 class=\"elementor-heading-title elementor-size-default\"><b>\u00bfC\u00f3mo puedo recibir mi clase?<\/b><\/h2>\t\t<\/div>\n\t\t\t\t<\/div>\n\t\t\t\t\t\t<\/div>\n\t\t\t\t\t<\/div>\n\t\t<\/div>\n\t\t\t\t\t\t\t\t<\/div>\n\t\t\t\t\t<\/div>\n\t\t<\/section>\n\t\t\t\t<section class=\"elementor-section elementor-top-section elementor-element elementor-element-949748b elementor-section-boxed elementor-section-height-default elementor-section-height-default\" data-id=\"949748b\" data-element_type=\"section\">\n\t\t\t\t\t\t<div class=\"elementor-container elementor-column-gap-default\">\n\t\t\t\t\t\t\t<div class=\"elementor-row\">\n\t\t\t\t\t<div class=\"elementor-column elementor-col-100 elementor-top-column elementor-element elementor-element-7d2673c\" data-id=\"7d2673c\" data-element_type=\"column\">\n\t\t\t<div class=\"elementor-column-wrap elementor-element-populated\">\n\t\t\t\t\t\t\t<div class=\"elementor-widget-wrap\">\n\t\t\t\t\t\t<section class=\"elementor-section elementor-inner-section elementor-element elementor-element-f6b9cc3 elementor-section-boxed elementor-section-height-default elementor-section-height-default\" data-id=\"f6b9cc3\" data-element_type=\"section\">\n\t\t\t\t\t\t<div class=\"elementor-container elementor-column-gap-default\">\n\t\t\t\t\t\t\t<div class=\"elementor-row\">\n\t\t\t\t\t<div class=\"elementor-column elementor-col-50 elementor-inner-column elementor-element elementor-element-35a95b7\" data-id=\"35a95b7\" data-element_type=\"column\">\n\t\t\t<div class=\"elementor-column-wrap elementor-element-populated\">\n\t\t\t\t\t\t\t<div class=\"elementor-widget-wrap\">\n\t\t\t\t\t\t<div class=\"elementor-element elementor-element-f789748 elementor-widget elementor-widget-image\" data-id=\"f789748\" data-element_type=\"widget\" data-widget_type=\"image.default\">\n\t\t\t\t<div class=\"elementor-widget-container\">\n\t\t\t\t\t<div class=\"elementor-image\">\n\t\t\t\t\t\t\t\t\t\t<img width=\"1024\" height=\"614\" src=\"https:\/\/ienglish.com.co\/wp-content\/uploads\/2020\/11\/primer_contacto-1024x614.jpg\" class=\"attachment-large size-large\" alt=\"\" loading=\"lazy\" srcset=\"https:\/\/ienglish.com.co\/wp-content\/uploads\/2020\/11\/primer_contacto-1024x614.jpg 1024w, https:\/\/ienglish.com.co\/wp-content\/uploads\/2020\/11\/primer_contacto-600x360.jpg 600w, https:\/\/ienglish.com.co\/wp-content\/uploads\/2020\/11\/primer_contacto-300x180.jpg 300w, https:\/\/ienglish.com.co\/wp-content\/uploads\/2020\/11\/primer_contacto-768x461.jpg 768w, https:\/\/ienglish.com.co\/wp-content\/uploads\/2020\/11\/primer_contacto.jpg 1300w\" sizes=\"(max-width: 1024px) 100vw, 1024px\" \/>\t\t\t\t\t\t\t\t\t\t\t<\/div>\n\t\t\t\t<\/div>\n\t\t\t\t<\/div>\n\t\t\t\t\t\t<\/div>\n\t\t\t\t\t<\/div>\n\t\t<\/div>\n\t\t\t\t<div class=\"elementor-column elementor-col-50 elementor-inner-column elementor-element elementor-element-81060e8\" data-id=\"81060e8\" data-element_type=\"column\">\n\t\t\t<div class=\"elementor-column-wrap elementor-element-populated\">\n\t\t\t\t\t\t\t<div class=\"elementor-widget-wrap\">\n\t\t\t\t\t\t<div class=\"elementor-element elementor-element-3046355 elementor-widget elementor-widget-heading\" data-id=\"3046355\" data-element_type=\"widget\" data-widget_type=\"heading.default\">\n\t\t\t\t<div class=\"elementor-widget-container\">\n\t\t\t<h2 class=\"elementor-heading-title elementor-size-default\"><b>Primer contacto<\/b><\/h2>\t\t<\/div>\n\t\t\t\t<\/div>\n\t\t\t\t<div class=\"elementor-element elementor-element-b4d23ce elementor-widget elementor-widget-text-editor\" data-id=\"b4d23ce\" data-element_type=\"widget\" data-widget_type=\"text-editor.default\">\n\t\t\t\t<div class=\"elementor-widget-container\">\n\t\t\t\t\t<div class=\"elementor-text-editor elementor-clearfix\"><p>Para poder agendar tu primera clase debes inscribirte como estudiante en\u00a0<i>International English<\/i>\u00a0<a href=\"https:\/\/ienglish.com.co\/index.php\/about\/\" rel=\"noopener\"><span style=\"color: #4986e7;\">aqu\u00ed<\/span><\/a>\u00a0(no tiene ning\u00fan costo); cuando te hayas inscrito me comunicar\u00e9 contigo via telef\u00f3nica para que tengamos una peque\u00f1a charla \u00a0en donde podr\u00e9 conocer tus inquietudes, prop\u00f3sitos y metas con el idioma.<\/p><p>De acuerdo con tu perfil en nuestra primera clase iniciaremos con una valoraci\u00f3n de tu nivel actual; de esta forma podr\u00e9 sugerirte un plan de estudios que se adapte a tu tiempo, tus necesidades y tu forma de aprendizaje. Una vez recibida esta clase podr\u00e1s ingresar a la zona de estudiantes, \u00a0recibir\u00e1s tu usuario y contrase\u00f1a para que tengas acceso a todo el material visto en cada una as\u00ed como mis recomendaciones.<\/p><p>Si deseas continuar con tu plan de estudio podr\u00e1s agendar tu siguiente clase eligiendo cualquiera de los siguientes m\u00e9todos<\/p><\/div>\n\t\t\t\t<\/div>\n\t\t\t\t<\/div>\n\t\t\t\t\t\t<\/div>\n\t\t\t\t\t<\/div>\n\t\t<\/div>\n\t\t\t\t\t\t\t\t<\/div>\n\t\t\t\t\t<\/div>\n\t\t<\/section>\n\t\t\t\t\t\t<\/div>\n\t\t\t\t\t<\/div>\n\t\t<\/div>\n\t\t\t\t\t\t\t\t<\/div>\n\t\t\t\t\t<\/div>\n\t\t<\/section>\n\t\t\t\t<section class=\"elementor-section elementor-top-section elementor-element elementor-element-2ad5cb3 elementor-section-boxed elementor-section-height-default elementor-section-height-default\" data-id=\"2ad5cb3\" data-element_type=\"section\">\n\t\t\t\t\t\t<div class=\"elementor-container elementor-column-gap-default\">\n\t\t\t\t\t\t\t<div class=\"elementor-row\">\n\t\t\t\t\t<div class=\"elementor-column elementor-col-100 elementor-top-column elementor-element elementor-element-02db9ce\" data-id=\"02db9ce\" data-element_type=\"column\">\n\t\t\t<div class=\"elementor-column-wrap elementor-element-populated\">\n\t\t\t\t\t\t\t<div class=\"elementor-widget-wrap\">\n\t\t\t\t\t\t<section class=\"elementor-section elementor-inner-section elementor-element elementor-element-37266c3 elementor-section-boxed elementor-section-height-default elementor-section-height-default\" data-id=\"37266c3\" data-element_type=\"section\">\n\t\t\t\t\t\t<div class=\"elementor-container elementor-column-gap-default\">\n\t\t\t\t\t\t\t<div class=\"elementor-row\">\n\t\t\t\t\t<div class=\"elementor-column elementor-col-33 elementor-inner-column elementor-element elementor-element-e2d0537\" data-id=\"e2d0537\" data-element_type=\"column\">\n\t\t\t<div class=\"elementor-column-wrap\">\n\t\t\t\t\t\t\t<div class=\"elementor-widget-wrap\">\n\t\t\t\t\t\t\t\t<\/div>\n\t\t\t\t\t<\/div>\n\t\t<\/div>\n\t\t\t\t<div class=\"elementor-column elementor-col-33 elementor-inner-column elementor-element elementor-element-1b85972\" data-id=\"1b85972\" data-element_type=\"column\">\n\t\t\t<div class=\"elementor-column-wrap elementor-element-populated\">\n\t\t\t\t\t\t\t<div class=\"elementor-widget-wrap\">\n\t\t\t\t\t\t<div class=\"elementor-element elementor-element-be5fa68 elementor-view-stacked elementor-position-left elementor-shape-circle elementor-vertical-align-top elementor-widget elementor-widget-icon-box\" data-id=\"be5fa68\" data-element_type=\"widget\" data-widget_type=\"icon-box.default\">\n\t\t\t\t<div class=\"elementor-widget-container\">\n\t\t\t\t\t<div class=\"elementor-icon-box-wrapper\">\n\t\t\t\t\t\t<div class=\"elementor-icon-box-icon\">\n\t\t\t\t<span class=\"elementor-icon elementor-animation-\" >\n\t\t\t\t<i aria-hidden=\"true\" class=\"far fa-comments\"><\/i>\t\t\t\t<\/span>\n\t\t\t<\/div>\n\t\t\t\t\t\t<div class=\"elementor-icon-box-content\">\n\t\t\t\t<h3 class=\"elementor-icon-box-title\">\n\t\t\t\t\t<span >Clase Virtual<\/span>\n\t\t\t\t<\/h3>\n\t\t\t\t\t\t\t\t<p class=\"elementor-icon-box-description\"><b>Desde la comodidad de tu hogar. <\/b>Tendremos nuestra clase a trav\u00e9s de Google Meet (se te enviar\u00e1 el link para acceder antes de cada clase). Esta opci\u00f3n esta disponible para todos mis estudiantes sin importar el lugar donde residan. <\/p>\n\t\t\t\t\t\t\t<\/div>\n\t\t<\/div>\n\t\t\t\t<\/div>\n\t\t\t\t<\/div>\n\t\t\t\t<div class=\"elementor-element elementor-element-297d82f elementor-view-stacked elementor-position-left elementor-shape-circle elementor-vertical-align-top elementor-widget elementor-widget-icon-box\" data-id=\"297d82f\" data-element_type=\"widget\" data-widget_type=\"icon-box.default\">\n\t\t\t\t<div class=\"elementor-widget-container\">\n\t\t\t\t\t<div class=\"elementor-icon-box-wrapper\">\n\t\t\t\t\t\t<div class=\"elementor-icon-box-icon\">\n\t\t\t\t<span class=\"elementor-icon elementor-animation-\" >\n\t\t\t\t<i aria-hidden=\"true\" class=\"fas fa-child\"><\/i>\t\t\t\t<\/span>\n\t\t\t<\/div>\n\t\t\t\t\t\t<div class=\"elementor-icon-box-content\">\n\t\t\t\t<h3 class=\"elementor-icon-box-title\">\n\t\t\t\t\t<span >Clase Presencial en Chipichape<\/span>\n\t\t\t\t<\/h3>\n\t\t\t\t\t\t\t\t<p class=\"elementor-icon-box-description\"><b>La preferida por mis estudiantes. <\/b>Tambi\u00e9n tienes la opci\u00f3n de tomar tu clase en el norte de la ciudad de Cali, el edificio donde vivo est\u00e1 ubicado a una cuadra del centro comercial Chipichape y cuenta con parqueadero vigilado. Aqu\u00ed encontrar\u00e1s un espacio tranquilo y comodo donde puedes recibir tu clase de forma presencial.<\/p>\n\t\t\t\t\t\t\t<\/div>\n\t\t<\/div>\n\t\t\t\t<\/div>\n\t\t\t\t<\/div>\n\t\t\t\t<div class=\"elementor-element elementor-element-483bc9d elementor-view-stacked elementor-position-left elementor-shape-circle elementor-vertical-align-top elementor-widget elementor-widget-icon-box\" data-id=\"483bc9d\" data-element_type=\"widget\" data-widget_type=\"icon-box.default\">\n\t\t\t\t<div class=\"elementor-widget-container\">\n\t\t\t\t\t<div class=\"elementor-icon-box-wrapper\">\n\t\t\t\t\t\t<div class=\"elementor-icon-box-icon\">\n\t\t\t\t<span class=\"elementor-icon elementor-animation-\" >\n\t\t\t\t<i aria-hidden=\"true\" class=\"fas fa-car\"><\/i>\t\t\t\t<\/span>\n\t\t\t<\/div>\n\t\t\t\t\t\t<div class=\"elementor-icon-box-content\">\n\t\t\t\t<h3 class=\"elementor-icon-box-title\">\n\t\t\t\t\t<span >Clase Presencial a Domicilio (Cali)<\/span>\n\t\t\t\t<\/h3>\n\t\t\t\t\t\t\t\t<p class=\"elementor-icon-box-description\"><b>Tu hogar es el lugar ideal. <\/b>Si lo deseas tambi\u00e9n puedes recibir la clase en la comodidad de tu hogar, \u00e9sta opci\u00f3n la ofrezco a aquellos estudiantes que les es dif\u00edcil movilizarse por la ciudad. Ten en cuenta que al costo de la clase se le sumar\u00e1 una tarifa extra por mi desplazamiento que ser\u00e1 la indicada por Uber.<\/p>\n\t\t\t\t\t\t\t<\/div>\n\t\t<\/div>\n\t\t\t\t<\/div>\n\t\t\t\t<\/div>\n\t\t\t\t\t\t<\/div>\n\t\t\t\t\t<\/div>\n\t\t<\/div>\n\t\t\t\t<div class=\"elementor-column elementor-col-33 elementor-inner-column elementor-element elementor-element-6a68d8b\" data-id=\"6a68d8b\" data-element_type=\"column\">\n\t\t\t<div class=\"elementor-column-wrap\">\n\t\t\t\t\t\t\t<div class=\"elementor-widget-wrap\">\n\t\t\t\t\t\t\t\t<\/div>\n\t\t\t\t\t<\/div>\n\t\t<\/div>\n\t\t\t\t\t\t\t\t<\/div>\n\t\t\t\t\t<\/div>\n\t\t<\/section>\n\t\t\t\t\t\t<\/div>\n\t\t\t\t\t<\/div>\n\t\t<\/div>\n\t\t\t\t\t\t\t\t<\/div>\n\t\t\t\t\t<\/div>\n\t\t<\/section>\n\t\t\t\t<section class=\"elementor-section elementor-top-section elementor-element elementor-element-3c047ef elementor-section-boxed elementor-section-height-default elementor-section-height-default\" data-id=\"3c047ef\" data-element_type=\"section\" data-settings=\"{&quot;background_background&quot;:&quot;classic&quot;}\">\n\t\t\t\t\t\t<div class=\"elementor-container elementor-column-gap-default\">\n\t\t\t\t\t\t\t<div class=\"elementor-row\">\n\t\t\t\t\t<div class=\"elementor-column elementor-col-100 elementor-top-column elementor-element elementor-element-24852c3\" data-id=\"24852c3\" data-element_type=\"column\">\n\t\t\t<div class=\"elementor-column-wrap elementor-element-populated\">\n\t\t\t\t\t\t\t<div class=\"elementor-widget-wrap\">\n\t\t\t\t\t\t<section class=\"elementor-section elementor-inner-section elementor-element elementor-element-b0631e3 elementor-section-boxed elementor-section-height-default elementor-section-height-default\" data-id=\"b0631e3\" data-element_type=\"section\" data-settings=\"{&quot;background_background&quot;:&quot;classic&quot;}\">\n\t\t\t\t\t\t<div class=\"elementor-container elementor-column-gap-default\">\n\t\t\t\t\t\t\t<div class=\"elementor-row\">\n\t\t\t\t\t<div class=\"elementor-column elementor-col-33 elementor-inner-column elementor-element elementor-element-e9b07bd\" data-id=\"e9b07bd\" data-element_type=\"column\">\n\t\t\t<div class=\"elementor-column-wrap elementor-element-populated\">\n\t\t\t\t\t\t\t<div class=\"elementor-widget-wrap\">\n\t\t\t\t\t\t<div class=\"elementor-element elementor-element-0caf57d elementor-view-stacked elementor-shape-circle elementor-position-top elementor-vertical-align-top elementor-widget elementor-widget-icon-box\" data-id=\"0caf57d\" data-element_type=\"widget\" data-widget_type=\"icon-box.default\">\n\t\t\t\t<div class=\"elementor-widget-container\">\n\t\t\t\t\t<div class=\"elementor-icon-box-wrapper\">\n\t\t\t\t\t\t<div class=\"elementor-icon-box-icon\">\n\t\t\t\t<span class=\"elementor-icon elementor-animation-\" >\n\t\t\t\t<i aria-hidden=\"true\" class=\"fas fa-map-marker-alt\"><\/i>\t\t\t\t<\/span>\n\t\t\t<\/div>\n\t\t\t\t\t\t<div class=\"elementor-icon-box-content\">\n\t\t\t\t<h3 class=\"elementor-icon-box-title\">\n\t\t\t\t\t<span >Ubicaci\u00f3n<\/span>\n\t\t\t\t<\/h3>\n\t\t\t\t\t\t\t\t<p class=\"elementor-icon-box-description\">Calle 40N # 6AN-90<br>\nCali, Colombia 760046<br>\nTel +57 315 866 3336<br>\nWhatsApp  +57 315 866 3336<\/p>\n\t\t\t\t\t\t\t<\/div>\n\t\t<\/div>\n\t\t\t\t<\/div>\n\t\t\t\t<\/div>\n\t\t\t\t\t\t<\/div>\n\t\t\t\t\t<\/div>\n\t\t<\/div>\n\t\t\t\t<div class=\"elementor-column elementor-col-33 elementor-inner-column elementor-element elementor-element-b2a0d51\" data-id=\"b2a0d51\" data-element_type=\"column\">\n\t\t\t<div class=\"elementor-column-wrap elementor-element-populated\">\n\t\t\t\t\t\t\t<div class=\"elementor-widget-wrap\">\n\t\t\t\t\t\t<div class=\"elementor-element elementor-element-96727d4 elementor-view-stacked elementor-shape-circle elementor-position-top elementor-vertical-align-top elementor-widget elementor-widget-icon-box\" data-id=\"96727d4\" data-element_type=\"widget\" data-widget_type=\"icon-box.default\">\n\t\t\t\t<div class=\"elementor-widget-container\">\n\t\t\t\t\t<div class=\"elementor-icon-box-wrapper\">\n\t\t\t\t\t\t<div class=\"elementor-icon-box-icon\">\n\t\t\t\t<span class=\"elementor-icon elementor-animation-\" >\n\t\t\t\t<i aria-hidden=\"true\" class=\"far fa-clock\"><\/i>\t\t\t\t<\/span>\n\t\t\t<\/div>\n\t\t\t\t\t\t<div class=\"elementor-icon-box-content\">\n\t\t\t\t<h3 class=\"elementor-icon-box-title\">\n\t\t\t\t\t<span >Horario (Seg\u00fan Disponibilidad)<\/span>\n\t\t\t\t<\/h3>\n\t\t\t\t\t\t\t\t<p class=\"elementor-icon-box-description\">Lunes           06:30 - 20:00<br>\nMartes          06:30 - 20:00<br>\nMi\u00e9rcoles      06:30 - 20:00<br>\nJueves          06:30 - 20:00<br>\nViernes         06:30 - 20:00<br>\nS\u00e1bado         06:30 - 14:00<br>\n<b>Domingo          Previa cita.<\/b><\/p>\n\t\t\t\t\t\t\t<\/div>\n\t\t<\/div>\n\t\t\t\t<\/div>\n\t\t\t\t<\/div>\n\t\t\t\t\t\t<\/div>\n\t\t\t\t\t<\/div>\n\t\t<\/div>\n\t\t\t\t<div class=\"elementor-column elementor-col-33 elementor-inner-column elementor-element elementor-element-a4eda1f\" data-id=\"a4eda1f\" data-element_type=\"column\">\n\t\t\t<div class=\"elementor-column-wrap elementor-element-populated\">\n\t\t\t\t\t\t\t<div class=\"elementor-widget-wrap\">\n\t\t\t\t\t\t<div class=\"elementor-element elementor-element-71d3f5c elementor-view-stacked elementor-shape-circle elementor-position-top elementor-vertical-align-top elementor-widget elementor-widget-icon-box\" data-id=\"71d3f5c\" data-element_type=\"widget\" data-widget_type=\"icon-box.default\">\n\t\t\t\t<div class=\"elementor-widget-container\">\n\t\t\t\t\t<div class=\"elementor-icon-box-wrapper\">\n\t\t\t\t\t\t<div class=\"elementor-icon-box-icon\">\n\t\t\t\t<span class=\"elementor-icon elementor-animation-\" >\n\t\t\t\t<i aria-hidden=\"true\" class=\"far fa-clock\"><\/i>\t\t\t\t<\/span>\n\t\t\t<\/div>\n\t\t\t\t\t\t<div class=\"elementor-icon-box-content\">\n\t\t\t\t<h3 class=\"elementor-icon-box-title\">\n\t\t\t\t\t<span >Duraci\u00f3n m\u00ednima de Clase<\/span>\n\t\t\t\t<\/h3>\n\t\t\t\t\t\t\t\t<p class=\"elementor-icon-box-description\"><b>Virtual:<\/b> 45 minutos<br>\n<b>Presencial Chipichape:<\/b> 1 hora<br>\n<b>Presencial Domicilio:<\/b><br>\nNorte: 1 hora<br>\nCentro\/Oeste: 2 horas<br>\nSur: 3 horas<\/p>\n\t\t\t\t\t\t\t<\/div>\n\t\t<\/div>\n\t\t\t\t<\/div>\n\t\t\t\t<\/div>\n\t\t\t\t\t\t<\/div>\n\t\t\t\t\t<\/div>\n\t\t<\/div>\n\t\t\t\t\t\t\t\t<\/div>\n\t\t\t\t\t<\/div>\n\t\t<\/section>\n\t\t\t\t\t\t<\/div>\n\t\t\t\t\t<\/div>\n\t\t<\/div>\n\t\t\t\t\t\t\t\t<\/div>\n\t\t\t\t\t<\/div>\n\t\t<\/section>\n\t\t\t\t<section class=\"elementor-section elementor-top-section elementor-element elementor-element-a29bbbf elementor-section-boxed elementor-section-height-default elementor-section-height-default\" data-id=\"a29bbbf\" data-element_type=\"section\">\n\t\t\t\t\t\t<div class=\"elementor-container elementor-column-gap-default\">\n\t\t\t\t\t\t\t<div class=\"elementor-row\">\n\t\t\t\t\t<div class=\"elementor-column elementor-col-100 elementor-top-column elementor-element elementor-element-3925c3f\" data-id=\"3925c3f\" data-element_type=\"column\">\n\t\t\t<div class=\"elementor-column-wrap elementor-element-populated\">\n\t\t\t\t\t\t\t<div class=\"elementor-widget-wrap\">\n\t\t\t\t\t\t<div class=\"elementor-element elementor-element-3a6945e elementor-widget elementor-widget-google_maps\" data-id=\"3a6945e\" data-element_type=\"widget\" data-widget_type=\"google_maps.default\">\n\t\t\t\t<div class=\"elementor-widget-container\">\n\t\t\t<div class=\"elementor-custom-embed\"><iframe frameborder=\"0\" scrolling=\"no\" marginheight=\"0\" marginwidth=\"0\" src=\"https:\/\/maps.google.com\/maps?q=Chipichape%2040&amp;t=m&amp;z=15&amp;output=embed&amp;iwloc=near\" title=\"Chipichape 40\" aria-label=\"Chipichape 40\"><\/iframe><\/div>\t\t<\/div>\n\t\t\t\t<\/div>\n\t\t\t\t\t\t<\/div>\n\t\t\t\t\t<\/div>\n\t\t<\/div>\n\t\t\t\t\t\t\t\t<\/div>\n\t\t\t\t\t<\/div>\n\t\t<\/section>\n\t\t\t\t\t\t<\/div>\n\t\t\t\t\t\t<\/div>\n\t\t\t\t\t<\/div>\n\t\t","protected":false},"excerpt":{"rendered":"<p>\u00bfC\u00f3mo puedo recibir mi clase? Primer contacto Para poder agendar tu primera clase debes inscribirte como estudiante en\u00a0International English\u00a0aqu\u00ed\u00a0(no tiene ning\u00fan costo); cuando te hayas inscrito me comunicar\u00e9 contigo via telef\u00f3nica para que tengamos una peque\u00f1a charla \u00a0en donde podr\u00e9 conocer tus inquietudes, prop\u00f3sitos y metas con el idioma. De acuerdo con tu perfil en &hellip;<\/p>\n<p class=\"read-more\"> <a class=\"\" href=\"https:\/\/ienglish.com.co\/index.php\/metodos-2\/\"> <span class=\"screen-reader-text\">M\u00e9todos<\/span> Read More &raquo;<\/a><\/p>\n","protected":false},"author":1,"featured_media":0,"parent":0,"menu_order":0,"comment_status":"closed","ping_status":"closed","template":"","meta":[],"yoast_head":"<!-- This site is optimized with the Yoast SEO plugin v15.2.1 - https:\/\/yoast.com\/wordpress\/plugins\/seo\/ -->\n<title>Clases Presenciales de Ingles en cali- International English<\/title>\n<meta name=\"description\" content=\"Recibe clases personalizadas de ingl\u00e9s a domicilio en la ciudad de Cali y mejora tu ingles.\" \/>\n<meta name=\"robots\" content=\"index, follow, max-snippet:-1, max-image-preview:large, max-video-preview:-1\" \/>\n<link rel=\"canonical\" href=\"https:\/\/ienglish.com.co\/index.php\/metodos-2\/\" \/>\n<meta property=\"og:locale\" content=\"en_US\" \/>\n<meta property=\"og:type\" content=\"article\" \/>\n<meta property=\"og:title\" content=\"Clases Presenciales de Ingles en cali- International English\" \/>\n<meta property=\"og:description\" content=\"Recibe clases personalizadas de ingl\u00e9s a domicilio en la ciudad de Cali y mejora tu ingles.\" \/>\n<meta property=\"og:url\" content=\"https:\/\/ienglish.com.co\/index.php\/metodos-2\/\" \/>\n<meta property=\"og:site_name\" content=\"International English\" \/>\n<meta property=\"article:publisher\" content=\"https:\/\/www.facebook.com\/ienglish.com.co\/\" \/>\n<meta property=\"article:modified_time\" content=\"2021-06-09T19:36:48+00:00\" \/>\n<meta property=\"og:image\" content=\"https:\/\/ienglish.com.co\/wp-content\/uploads\/2020\/11\/primer_contacto-1024x614.jpg\" \/>\n<meta name=\"twitter:card\" content=\"summary_large_image\" \/>\n<meta name=\"twitter:label1\" content=\"Written by\">\n\t<meta name=\"twitter:data1\" content=\"hary.marin\">\n\t<meta name=\"twitter:label2\" content=\"Est. reading time\">\n\t<meta name=\"twitter:data2\" content=\"2 minutes\">\n<script type=\"application\/ld+json\" class=\"yoast-schema-graph\">{\"@context\":\"https:\/\/schema.org\",\"@graph\":[{\"@type\":\"Organization\",\"@id\":\"https:\/\/ienglish.com.co\/#organization\",\"name\":\"International english\",\"url\":\"https:\/\/ienglish.com.co\/\",\"sameAs\":[\"https:\/\/www.facebook.com\/ienglish.com.co\/\"],\"logo\":{\"@type\":\"ImageObject\",\"@id\":\"https:\/\/ienglish.com.co\/#logo\",\"inLanguage\":\"en-US\",\"url\":\"https:\/\/ienglish.com.co\/wp-content\/uploads\/2020\/11\/logo_International_english.png\",\"width\":700,\"height\":207,\"caption\":\"International english\"},\"image\":{\"@id\":\"https:\/\/ienglish.com.co\/#logo\"}},{\"@type\":\"WebSite\",\"@id\":\"https:\/\/ienglish.com.co\/#website\",\"url\":\"https:\/\/ienglish.com.co\/\",\"name\":\"International English\",\"description\":\"\",\"publisher\":{\"@id\":\"https:\/\/ienglish.com.co\/#organization\"},\"potentialAction\":[{\"@type\":\"SearchAction\",\"target\":\"https:\/\/ienglish.com.co\/?s={search_term_string}\",\"query-input\":\"required name=search_term_string\"}],\"inLanguage\":\"en-US\"},{\"@type\":\"ImageObject\",\"@id\":\"https:\/\/ienglish.com.co\/index.php\/metodos-2\/#primaryimage\",\"inLanguage\":\"en-US\",\"url\":\"https:\/\/ienglish.com.co\/wp-content\/uploads\/2020\/11\/primer_contacto.jpg\",\"width\":1300,\"height\":780},{\"@type\":\"WebPage\",\"@id\":\"https:\/\/ienglish.com.co\/index.php\/metodos-2\/#webpage\",\"url\":\"https:\/\/ienglish.com.co\/index.php\/metodos-2\/\",\"name\":\"Clases Presenciales de Ingles en cali- International English\",\"isPartOf\":{\"@id\":\"https:\/\/ienglish.com.co\/#website\"},\"primaryImageOfPage\":{\"@id\":\"https:\/\/ienglish.com.co\/index.php\/metodos-2\/#primaryimage\"},\"datePublished\":\"2020-11-03T21:01:00+00:00\",\"dateModified\":\"2021-06-09T19:36:48+00:00\",\"description\":\"Recibe clases personalizadas de ingl\\u00e9s a domicilio en la ciudad de Cali y mejora tu ingles.\",\"inLanguage\":\"en-US\",\"potentialAction\":[{\"@type\":\"ReadAction\",\"target\":[\"https:\/\/ienglish.com.co\/index.php\/metodos-2\/\"]}]}]}<\/script>\n<!-- \/ Yoast SEO plugin. -->","_links":{"self":[{"href":"https:\/\/ienglish.com.co\/index.php\/wp-json\/wp\/v2\/pages\/25118"}],"collection":[{"href":"https:\/\/ienglish.com.co\/index.php\/wp-json\/wp\/v2\/pages"}],"about":[{"href":"https:\/\/ienglish.com.co\/index.php\/wp-json\/wp\/v2\/types\/page"}],"author":[{"embeddable":true,"href":"https:\/\/ienglish.com.co\/index.php\/wp-json\/wp\/v2\/users\/1"}],"replies":[{"embeddable":true,"href":"https:\/\/ienglish.com.co\/index.php\/wp-json\/wp\/v2\/comments?post=25118"}],"version-history":[{"count":32,"href":"https:\/\/ienglish.com.co\/index.php\/wp-json\/wp\/v2\/pages\/25118\/revisions"}],"predecessor-version":[{"id":25398,"href":"https:\/\/ienglish.com.co\/index.php\/wp-json\/wp\/v2\/pages\/25118\/revisions\/25398"}],"wp:attachment":[{"href":"https:\/\/ienglish.com.co\/index.php\/wp-json\/wp\/v2\/media?parent=25118"}],"curies":[{"name":"wp","href":"https:\/\/api.w.org\/{rel}","templated":true}]}}